{"id":249,"date":"2018-10-21T13:13:30","date_gmt":"2018-10-21T13:13:30","guid":{"rendered":"http:\/\/www.demos.machothemes.com\/antreas-pro\/?page_id=249"},"modified":"2020-11-03T16:28:44","modified_gmt":"2020-11-03T16:28:44","slug":"our-beliefs","status":"publish","type":"page","link":"http:\/\/www.abogados-de-empresa.com\/site\/our-beliefs\/","title":{"rendered":"Trayectoria"},"content":{"rendered":"\n<p>Los socios de la Firma, se han desarrollado principalmente en el sector privado, en el ejercicio de la asesor\u00eda y del litigio, lo que les ha otorgado conocimientos amplios para resolver de la mejor manera los problemas planteados; Entre los principales clientes de la Firma tenemos empresas mexicanas exitosas, de diversos \u00e1mbitos productivos, de reconocido prestigio, as\u00ed como una gama importante de personas f\u00edsicas con actividades empresariales dentro de la peque\u00f1a y mediana industria.<\/p>\n\n\n\n<p>El bufete tiene oficinas en M\u00e9xico, D.F. y en et Estado de M\u00e9xico, con capacidad para atender asuntos en el centro de la Rep\u00fablica, a trav\u00e9s de alianzas con importantes Bufetes de reconocida trayectoria en esta regi\u00f3n de M\u00e9xico.<\/p>\n","protected":false},"excerpt":{"rendered":"<p>Los socios de la Firma, se han desarrollado principalmente en el sector privado&#8230;<\/p>\n","protected":false},"author":1,"featured_media":338,"parent":0,"menu_order":0,"comment_status":"closed","ping_status":"closed","template":"","meta":[],"_links":{"self":[{"href":"http:\/\/www.abogados-de-empresa.com\/site\/wp-json\/wp\/v2\/pages\/249"}],"collection":[{"href":"http:\/\/www.abogados-de-empresa.com\/site\/wp-json\/wp\/v2\/pages"}],"about":[{"href":"http:\/\/www.abogados-de-empresa.com\/site\/wp-json\/wp\/v2\/types\/page"}],"author":[{"embeddable":true,"href":"http:\/\/www.abogados-de-empresa.com\/site\/wp-json\/wp\/v2\/users\/1"}],"replies":[{"embeddable":true,"href":"http:\/\/www.abogados-de-empresa.com\/site\/wp-json\/wp\/v2\/comments?post=249"}],"version-history":[{"count":1,"href":"http:\/\/www.abogados-de-empresa.com\/site\/wp-json\/wp\/v2\/pages\/249\/revisions"}],"predecessor-version":[{"id":336,"href":"http:\/\/www.abogados-de-empresa.com\/site\/wp-json\/wp\/v2\/pages\/249\/revisions\/336"}],"wp:featuredmedia":[{"embeddable":true,"href":"http:\/\/www.abogados-de-empresa.com\/site\/wp-json\/wp\/v2\/media\/338"}],"wp:attachment":[{"href":"http:\/\/www.abogados-de-empresa.com\/site\/wp-json\/wp\/v2\/media?parent=249"}],"curies":[{"name":"wp","href":"https:\/\/api.w.org\/{rel}","templated":true}]}}